{"id":71,"date":"2021-04-18T15:45:48","date_gmt":"2021-04-18T13:45:48","guid":{"rendered":"http:\/\/giorgiaetcetera.be\/?page_id=71"},"modified":"2021-04-24T10:23:19","modified_gmt":"2021-04-24T08:23:19","slug":"mentions-legales","status":"publish","type":"page","link":"https:\/\/giorgiaetcetera.be\/index.php\/mentions-legales\/","title":{"rendered":"Mentions l\u00e9gales"},"content":{"rendered":"<div class=\"fusion-fullwidth fullwidth-box fusion-builder-row-1 fusion-flex-container nonhundred-percent-fullwidth non-hundred-percent-height-scrolling\" style=\"background-color: rgba(255,255,255,0);background-position: center center;background-repeat: no-repeat;border-width: 0px 0px 0px 0px;border-color:#e2e2e2;border-style:solid;\" ><div class=\"fusion-builder-row fusion-row fusion-flex-align-items-flex-start\" style=\"max-width:1248px;margin-left: calc(-4% \/ 2 );margin-right: calc(-4% \/ 2 );\"><div class=\"fusion-layout-column fusion_builder_column fusion-builder-column-0 fusion_builder_column_1_1 1_1 fusion-flex-column\"><div class=\"fusion-column-wrapper fusion-flex-justify-content-flex-start fusion-content-layout-column\" style=\"background-position:left top;background-repeat:no-repeat;-webkit-background-size:cover;-moz-background-size:cover;-o-background-size:cover;background-size:cover;padding: 0px 0px 0px 0px;\"><div class=\"fusion-text fusion-text-1\"><h2 class=\"p1\">Giorgia et cetera<\/h2>\n<p class=\"p1\"><em><strong>Genevi\u00e8ve G\u00e9rard<\/strong><\/em><\/p>\n<ul>\n<li class=\"p1\">3 Sentier de la Baye \u2022 1450 Villeroux\/Chastre<\/li>\n<li class=\"p1\">T\u00e9l : 0473 30 93 72<\/li>\n<li class=\"p1\">genegerard@live.be<\/li>\n<li class=\"p1\">TVA 0502 556 703<\/li>\n<li class=\"p1\">BE64 3631 1523 7252<\/li>\n<li class=\"p1\">H\u00e9bergeur OVH<\/li>\n<li class=\"p1\">Webmaster :\u00a0Genevi\u00e8ve G\u00e9rard<\/li>\n<\/ul>\n<p class=\"p1\"><strong>Donn\u00e9es personnelles<\/strong><\/p>\n<p class=\"p1\">D&#8217;une fa\u00e7on g\u00e9n\u00e9rale, vous pouvez visiter notre site sur Internet sans avoir \u00e0 d\u00e9cliner votre identit\u00e9 et \u00e0 fournir des informations personnelles vous concernant. Cependant, nous pouvons parfois vous demander des informations via le formulaire de contact pour vous envoyer une newsletter ou r\u00e9pondre \u00e0 votre demande.<\/p>\n<p class=\"p1\">Le site et chacun des \u00e9l\u00e9ments, y compris mais sans limitation les marques, les logos, ic\u00f4nes, infographies, photographies, qui le composent sont prot\u00e9g\u00e9s au titre de la l\u00e9gislation internationale de la propri\u00e9t\u00e9 intellectuelle. Les contenus figurant sur le site sont la propri\u00e9t\u00e9\u00a0de Genevi\u00e8ve G\u00e9rard.<\/p>\n<\/div><\/div><style type=\"text\/css\">.fusion-body .fusion-builder-column-0{width:100% !important;margin-top : 0px;margin-bottom : 20px;}.fusion-builder-column-0 > .fusion-column-wrapper {padding-top : 0px !important;padding-right : 0px !important;margin-right : 1.92%;padding-bottom : 0px !important;padding-left : 0px !important;margin-left : 1.92%;}@media only screen and (max-width:1024px) {.fusion-body .fusion-builder-column-0{width:100% !important;order : 0;}.fusion-builder-column-0 > .fusion-column-wrapper {margin-right : 1.92%;margin-left : 1.92%;}}@media only screen and (max-width:640px) {.fusion-body .fusion-builder-column-0{width:100% !important;order : 0;}.fusion-builder-column-0 > .fusion-column-wrapper {margin-right : 1.92%;margin-left : 1.92%;}}<\/style><\/div><div class=\"fusion-layout-column fusion_builder_column fusion-builder-column-1 fusion_builder_column_1_1 1_1 fusion-flex-column\"><div class=\"fusion-column-wrapper fusion-flex-justify-content-flex-start fusion-content-layout-column\" style=\"background-position:left top;background-repeat:no-repeat;-webkit-background-size:cover;-moz-background-size:cover;-o-background-size:cover;background-size:cover;padding: 0px 0px 0px 0px;\"><style type=\"text\/css\">@media only screen and (max-width:1024px) {.fusion-title.fusion-title-1{margin-top:10px!important; margin-right:0px!important;margin-bottom:15px!important;margin-left:0px!important;}}@media only screen and (max-width:640px) {.fusion-title.fusion-title-1{margin-top:10px!important; margin-right:0px!important;margin-bottom:10px!important; margin-left:0px!important;}}<\/style><div class=\"fusion-title title fusion-title-1 fusion-title-text fusion-title-size-one\" style=\"margin-top:10px;margin-right:0px;margin-bottom:15px;margin-left:0px;\"><div class=\"title-sep-container title-sep-container-left fusion-no-large-visibility fusion-no-medium-visibility fusion-no-small-visibility\"><div class=\"title-sep sep-single sep-dotted\" style=\"border-color:#e93676;\"><\/div><\/div><h1 class=\"title-heading-left\" style=\"margin:0;\"><h2 class=\"entry-title fusion-responsive-typography-calculated\" data-fontsize=\"40\" data-lineheight=\"normal\">Politique de confidentialit\u00e9<\/h2><\/h1><div class=\"title-sep-container title-sep-container-right\"><div class=\"title-sep sep-single sep-dotted\" style=\"border-color:#e93676;\"><\/div><\/div><\/div><\/div><style type=\"text\/css\">.fusion-body .fusion-builder-column-1{width:100% !important;margin-top : 50px;margin-bottom : 20px;}.fusion-builder-column-1 > .fusion-column-wrapper {padding-top : 0px !important;padding-right : 0px !important;margin-right : 1.92%;padding-bottom : 0px !important;padding-left : 0px !important;margin-left : 1.92%;}@media only screen and (max-width:1024px) {.fusion-body .fusion-builder-column-1{width:100% !important;order : 0;}.fusion-builder-column-1 > .fusion-column-wrapper {margin-right : 1.92%;margin-left : 1.92%;}}@media only screen and (max-width:640px) {.fusion-body .fusion-builder-column-1{width:100% !important;order : 0;}.fusion-builder-column-1 > .fusion-column-wrapper {margin-right : 1.92%;margin-left : 1.92%;}}<\/style><\/div><div class=\"fusion-layout-column fusion_builder_column fusion-builder-column-2 fusion_builder_column_1_1 1_1 fusion-flex-column\"><div class=\"fusion-column-wrapper fusion-flex-justify-content-flex-start fusion-content-layout-column\" style=\"background-position:left top;background-repeat:no-repeat;-webkit-background-size:cover;-moz-background-size:cover;-o-background-size:cover;background-size:cover;padding: 0px 0px 0px 0px;\"><div class=\"fusion-text fusion-text-2\"><p class=\"n\"><strong>Avis important concernant le traitement des donn\u00e9es en lien avec Google Analytics<\/strong><\/p>\n<p class=\"n\">Ce site utilise Google Analytics, un service d\u2019analyse web fourni par Google Ireland Limited. Si l\u2019organe responsable du traitement des donn\u00e9es recueillies par ce site est bas\u00e9 hors de l\u2019Espace \u00e9conomique europ\u00e9en et de la Suisse, alors le traitement des donn\u00e9es associ\u00e9es \u00e0 Google Analytics sera effectu\u00e9 par Google LLC (dont le si\u00e8ge est aux \u00c9tats-Unis). Google Ireland Limited et Google LLC sont d\u00e9nomm\u00e9s ci-apr\u00e8s \u00ab Google \u00bb.<\/p>\n<p>Google Analytics utilise des \u00ab cookies \u00bb, des fichiers textes enregistr\u00e9s sur l\u2019ordinateur du visiteur du site, pour permettre l\u2019analyse de l\u2019utilisation du site par ce dernier. Les informations g\u00e9n\u00e9r\u00e9es par le cookie (y compris l\u2019adresse IP tronqu\u00e9e) sur l\u2019utilisation du site web sont g\u00e9n\u00e9ralement transmises \u00e0 et stock\u00e9es par Google.<\/p>\n<p>Google Analytics est utilis\u00e9 exclusivement avec l&#8217;extension \u00ab _anonymizeIp () \u00bb sur ce site. L\u2019extension garantit une anonymisation de l\u2019adresse IP par troncature et exclut de ce fait toute r\u00e9f\u00e9rence personnelle directe. Via cette extension, Google tronque l\u2019adresse IP du visiteur du site situ\u00e9 dans un \u00c9tat membre de l\u2019Union europ\u00e9enne ou dans un autre \u00c9tat parti \u00e0 l\u2019accord sur l\u2019Espace \u00e9conomique europ\u00e9en. L\u2019adresse IP compl\u00e8te du visiteur du site ne sera transmise aux serveurs de Google et tronqu\u00e9e aux Etats-Unis que dans des situations exceptionnelles. L\u2019adresse IP, qui est fournie par le navigateur du visiteur du site utilisant Google Analytics, ne sera pas recoup\u00e9e par Google avec d\u2019autres donn\u00e9es de Google.<\/p>\n<p>Au nom de l\u2019op\u00e9rateur du site, Google utilisera les informations collect\u00e9es pour \u00e9valuer l\u2019utilisation du site, compiler des rapports sur l\u2019activit\u00e9 du site et fournir d\u2019autres services li\u00e9s au site web et \u00e0 internet \u00e0 l\u2019op\u00e9rateur du site (art. 6, 1. f, RGPD). L\u2019int\u00e9r\u00eat l\u00e9gitime dans le traitement des donn\u00e9es se trouve dans l&#8217;optimisation de ce site, l\u2019analyse de l\u2019utilisation du site et l&#8217;adaptation du contenu. L\u2019int\u00e9r\u00eat des utilisateurs est ad\u00e9quatement prot\u00e9g\u00e9 par la pseudonymisation de leurs donn\u00e9es.<\/p>\n<p>Google LLC a certifi\u00e9 sa conformit\u00e9 avec le\u00a0<a href=\"https:\/\/www.privacyshield.gov\/participant?id=a2zt000000001L5AAI\" target=\"_blank\" rel=\"noopener\">Bouclier de protection des donn\u00e9es<\/a>\u00a0UE-\u00c9tats-Unis, offrant une garantie du respect des l\u00e9gislations europ\u00e9ennes sur la protection des donn\u00e9es. Les donn\u00e9es envoy\u00e9es et coupl\u00e9es au cookie de Google Analytics e.g. ID de l\u2019utilisateur, ID publicitaire seront automatiquement effac\u00e9s apr\u00e8s 50 mois. La suppression des donn\u00e9es qui ont atteint la date limite de conservation est op\u00e9r\u00e9e automatiquement une fois par mois.<\/p>\n<p>Le visiteur du site peut refuser l\u2019utilisation de cookies en s\u00e9lectionnant le r\u00e9glage appropri\u00e9 dans le navigateur. Le visiteur du site peut aussi emp\u00eacher Google de recueillir des informations (y compris l\u2019adresse IP) via les cookies et de traiter ces informations en t\u00e9l\u00e9chargeant et installant ce plug-in dans son navigateur :\u00a0<a href=\"http:\/\/tools.google.com\/dlpage\/gaoptout\" target=\"_blank\" rel=\"noopener\">http:\/\/tools.google.com\/dlpage\/gaoptout<\/a>.<\/p>\n<p><span class=\"jtpl-ga-opt-out-text \">Le visiteur du site peut emp\u00eacher la collecte des donn\u00e9es par Google Analytics en cliquant sur ce\u00a0<a class=\"ga-opt-out-link\">lien<\/a>. Un &#8220;cookie d&#8217;opt-out&#8221; sera alors plac\u00e9 et permettra au visiteur du site de ne pas \u00eatre track\u00e9 durant sa navigation du site.<\/span><\/p>\n<p>Pour plus d\u2019informations sur le traitement et l\u2019utilisation des donn\u00e9es par Google, les param\u00e9trages et les possibilit\u00e9s de d\u00e9sactivation, veuillez consulter la politique de confidentialit\u00e9 de Google (<a href=\"https:\/\/policies.google.com\/privacy\" target=\"_blank\" rel=\"noopener\">https:\/\/policies.google.com\/privacy<\/a>) ainsi que les param\u00e8tres de Google Ads (<a href=\"https:\/\/adssettings.google.com\/authenticated\" target=\"_blank\" rel=\"noopener\">https:\/\/adssettings.google.com\/authenticated<\/a>).<\/p>\n<p class=\"n\"><strong>reCAPTCHA<\/strong><\/p>\n<p class=\"n\">Nous utilisons le service reCAPTCHA de Google LLC (Google) pour prot\u00e9ger les entr\u00e9es des formulaires sur votre site. Ce service est utilis\u00e9 pour diff\u00e9rencier les entr\u00e9es faites par un \u00eatre humain des abus automatis\u00e9s. Cela implique l&#8217;envoi de l&#8217;adresse IP et \u00e9ventuellement d&#8217;autres donn\u00e9es requises par Google pour le service reCAPTCHA. \u00c0 cette fin, vos donn\u00e9es seront communiqu\u00e9es \u00e0 Google et utilis\u00e9es par leurs services. Toutefois, votre adresse IP sera pr\u00e9alablement raccourcie par Google dans les \u00c9tats membres de l&#8217;Union europ\u00e9enne &#8211; ou dans d&#8217;autres \u00c9tats qui font partie de l&#8217;accord sur l&#8217;Espace \u00e9conomique europ\u00e9en &#8211; et sera ainsi anonyme. Dans certains cas exceptionnels, votre adresse IP compl\u00e8te sera transmise \u00e0 un serveur de Google aux \u00c9tats-Unis et raccourcie ensuite. Au nom de l&#8217;exploitant de ce site web, Google utilisera ces informations pour \u00e9valuer votre utilisation de ce service. L&#8217;adresse IP fournie par reCAPTCHA par votre navigateur ne sera pas fusionn\u00e9e avec d&#8217;autres donn\u00e9es de Google. Cette collection des donn\u00e9es est sujette \u00e0 la Politique de confidentialit\u00e9 de Google. Pour plus d&#8217;informations concernant la politique de confidentialit\u00e9 de Google, rendez-vous sur la page :\u00a0<a href=\"https:\/\/policies.google.com\/privacy?hl=fr\" target=\"_blank\" rel=\"noopener\">https:\/\/policies.google.com\/privacy?hl=fr<\/a><br \/>\nEn utilisant le service reCAPTCHA, vous consentez au traitement des donn\u00e9es vous concernant par Google, de la mani\u00e8re et aux fins \u00e9nonc\u00e9es ci-dessus.<\/p>\n<\/div><\/div><style type=\"text\/css\">.fusion-body .fusion-builder-column-2{width:100% !important;margin-top : 0px;margin-bottom : 20px;}.fusion-builder-column-2 > .fusion-column-wrapper {padding-top : 0px !important;padding-right : 0px !important;margin-right : 1.92%;padding-bottom : 0px !important;padding-left : 0px !important;margin-left : 1.92%;}@media only screen and (max-width:1024px) {.fusion-body .fusion-builder-column-2{width:100% !important;order : 0;}.fusion-builder-column-2 > .fusion-column-wrapper {margin-right : 1.92%;margin-left : 1.92%;}}@media only screen and (max-width:640px) {.fusion-body .fusion-builder-column-2{width:100% !important;order : 0;}.fusion-builder-column-2 > .fusion-column-wrapper {margin-right : 1.92%;margin-left : 1.92%;}}<\/style><\/div><\/div><style type=\"text\/css\">.fusion-body .fusion-flex-container.fusion-builder-row-1{ padding-top : 0px;margin-top : 0px;padding-right : 0px;padding-bottom : 0px;margin-bottom : 0px;padding-left : 0px;}<\/style><\/div>\n","protected":false},"excerpt":{"rendered":"","protected":false},"author":1,"featured_media":0,"parent":0,"menu_order":0,"comment_status":"closed","ping_status":"closed","template":"","meta":[],"_links":{"self":[{"href":"https:\/\/giorgiaetcetera.be\/index.php\/wp-json\/wp\/v2\/pages\/71"}],"collection":[{"href":"https:\/\/giorgiaetcetera.be\/index.php\/wp-json\/wp\/v2\/pages"}],"about":[{"href":"https:\/\/giorgiaetcetera.be\/index.php\/wp-json\/wp\/v2\/types\/page"}],"author":[{"embeddable":true,"href":"https:\/\/giorgiaetcetera.be\/index.php\/wp-json\/wp\/v2\/users\/1"}],"replies":[{"embeddable":true,"href":"https:\/\/giorgiaetcetera.be\/index.php\/wp-json\/wp\/v2\/comments?post=71"}],"version-history":[{"count":15,"href":"https:\/\/giorgiaetcetera.be\/index.php\/wp-json\/wp\/v2\/pages\/71\/revisions"}],"predecessor-version":[{"id":191,"href":"https:\/\/giorgiaetcetera.be\/index.php\/wp-json\/wp\/v2\/pages\/71\/revisions\/191"}],"wp:attachment":[{"href":"https:\/\/giorgiaetcetera.be\/index.php\/wp-json\/wp\/v2\/media?parent=71"}],"curies":[{"name":"wp","href":"https:\/\/api.w.org\/{rel}","templated":true}]}}