{"id":8,"date":"2021-04-17T17:29:45","date_gmt":"2021-04-17T15:29:45","guid":{"rendered":"http:\/\/giorgiaetcetera.be\/?page_id=8"},"modified":"2021-05-22T10:43:53","modified_gmt":"2021-05-22T08:43:53","slug":"home","status":"publish","type":"page","link":"https:\/\/giorgiaetcetera.be\/","title":{"rendered":"Home"},"content":{"rendered":"<div class=\"fusion-fullwidth fullwidth-box fusion-builder-row-1 fusion-flex-container nonhundred-percent-fullwidth non-hundred-percent-height-scrolling\" style=\"background-color: rgba(255,255,255,0);background-position: center center;background-repeat: no-repeat;border-width: 0px 0px 0px 0px;border-color:#e2e2e2;border-style:solid;\" ><div class=\"fusion-builder-row fusion-row fusion-flex-align-items-flex-start\" style=\"max-width:1248px;margin-left: calc(-4% \/ 2 );margin-right: calc(-4% \/ 2 );\"><div class=\"fusion-layout-column fusion_builder_column fusion-builder-column-0 fusion_builder_column_1_1 1_1 fusion-flex-column\"><div class=\"fusion-column-wrapper fusion-flex-justify-content-flex-start fusion-content-layout-column\" style=\"background-position:left top;background-repeat:no-repeat;-webkit-background-size:cover;-moz-background-size:cover;-o-background-size:cover;background-size:cover;padding: 0px 0px 0px 0px;\"><div style=\"text-align:center;\"><span class=\" fusion-imageframe imageframe-none imageframe-1 hover-type-none\"><img width=\"800\" height=\"543\" title=\"Logo-Giorgia\" src=\"http:\/\/giorgiaetcetera.be\/wp-content\/uploads\/2021\/04\/Logo-Giorgia-1.png\" class=\"img-responsive wp-image-17\" srcset=\"https:\/\/giorgiaetcetera.be\/wp-content\/uploads\/2021\/04\/Logo-Giorgia-1-200x136.png 200w, https:\/\/giorgiaetcetera.be\/wp-content\/uploads\/2021\/04\/Logo-Giorgia-1-400x272.png 400w, https:\/\/giorgiaetcetera.be\/wp-content\/uploads\/2021\/04\/Logo-Giorgia-1-600x407.png 600w, https:\/\/giorgiaetcetera.be\/wp-content\/uploads\/2021\/04\/Logo-Giorgia-1.png 800w\" sizes=\"(max-width: 640px) 100vw, 800px\" \/><\/span><\/div><div class=\"fusion-text fusion-text-1 fusion-text-no-margin\" style=\"margin-top:10px;margin-bottom:10px;\"><div dir=\"auto\" style=\"text-align: center;\"><strong>Genevi\u00e8ve Gerard<\/strong><\/div>\n<div dir=\"auto\"><\/div>\n<div dir=\"auto\" style=\"text-align: center;\">Art-M\u00e9diateure de Vie, \u00e9claireuse de la voie cr\u00e9ative dans votre recherche de sens et d\u2019\u00e9quilibre entre le monde en soi et le monde ext\u00e9rieur. Sherpa sur le chemin du deuil. Je vous accompagne avec dans mes bagages l\u2019Ecriture Cr\u00e9ative, le Tarot, les messages des Fleurs de Bach et le reiki.<\/div>\n<\/div><div style=\"text-align:center;\"><span class=\" fusion-imageframe imageframe-none imageframe-2 hover-type-none\" style=\"width:100%;max-width:50px;\"><a class=\"fusion-no-lightbox\" href=\"https:\/\/www.facebook.com\/lesateliersdegiorgia\" target=\"_self\" aria-label=\"icon-fb-gris\"><img width=\"150\" height=\"150\" src=\"http:\/\/giorgiaetcetera.be\/wp-content\/uploads\/2021\/04\/icon-fb-gris-150x150.png\" class=\"img-responsive wp-image-12\" srcset=\"https:\/\/giorgiaetcetera.be\/wp-content\/uploads\/2021\/04\/icon-fb-gris-200x200.png 200w, https:\/\/giorgiaetcetera.be\/wp-content\/uploads\/2021\/04\/icon-fb-gris.png 250w\" sizes=\"(max-width: 640px) 100vw, 150px\" \/><\/a><\/span><\/div><\/div><style type=\"text\/css\">.fusion-body .fusion-builder-column-0{width:100% !important;margin-top : 0px;margin-bottom : 0px;}.fusion-builder-column-0 > .fusion-column-wrapper {padding-top : 0px !important;padding-right : 0px !important;margin-right : 1.92%;padding-bottom : 0px !important;padding-left : 0px !important;margin-left : 1.92%;}@media only screen and (max-width:1024px) {.fusion-body .fusion-builder-column-0{width:100% !important;}.fusion-builder-column-0 > .fusion-column-wrapper {margin-right : 1.92%;margin-left : 1.92%;}}@media only screen and (max-width:640px) {.fusion-body .fusion-builder-column-0{width:100% !important;}.fusion-builder-column-0 > .fusion-column-wrapper {margin-right : 1.92%;margin-left : 1.92%;}}<\/style><\/div><\/div><style type=\"text\/css\">.fusion-body .fusion-flex-container.fusion-builder-row-1{ padding-top : 0px;margin-top : 0px;padding-right : 0px;padding-bottom : 0px;margin-bottom : 0px;padding-left : 0px;}<\/style><\/div>\n","protected":false},"excerpt":{"rendered":"","protected":false},"author":1,"featured_media":0,"parent":0,"menu_order":0,"comment_status":"closed","ping_status":"closed","template":"blank.php","meta":[],"_links":{"self":[{"href":"https:\/\/giorgiaetcetera.be\/index.php\/wp-json\/wp\/v2\/pages\/8"}],"collection":[{"href":"https:\/\/giorgiaetcetera.be\/index.php\/wp-json\/wp\/v2\/pages"}],"about":[{"href":"https:\/\/giorgiaetcetera.be\/index.php\/wp-json\/wp\/v2\/types\/page"}],"author":[{"embeddable":true,"href":"https:\/\/giorgiaetcetera.be\/index.php\/wp-json\/wp\/v2\/users\/1"}],"replies":[{"embeddable":true,"href":"https:\/\/giorgiaetcetera.be\/index.php\/wp-json\/wp\/v2\/comments?post=8"}],"version-history":[{"count":7,"href":"https:\/\/giorgiaetcetera.be\/index.php\/wp-json\/wp\/v2\/pages\/8\/revisions"}],"predecessor-version":[{"id":262,"href":"https:\/\/giorgiaetcetera.be\/index.php\/wp-json\/wp\/v2\/pages\/8\/revisions\/262"}],"wp:attachment":[{"href":"https:\/\/giorgiaetcetera.be\/index.php\/wp-json\/wp\/v2\/media?parent=8"}],"curies":[{"name":"wp","href":"https:\/\/api.w.org\/{rel}","templated":true}]}}